{"id":658,"date":"2023-09-16T20:53:59","date_gmt":"2023-09-16T19:53:59","guid":{"rendered":"https:\/\/tygrisvet.cz\/shop\/?post_type=product&#038;p=658"},"modified":"2024-05-21T14:28:03","modified_gmt":"2024-05-21T13:28:03","slug":"s-odvahou-k-rozvoji-potencialu-na-prvnim-stupni-zs","status":"publish","type":"product","link":"https:\/\/tygrisvet.cz\/shop\/produkt\/s-odvahou-k-rozvoji-potencialu-na-prvnim-stupni-zs\/","title":{"rendered":"S odvahou k rozvoji potenci\u00e1lu na prvn\u00edm stupni Z\u0160"},"content":{"rendered":"<p><em>\u201eTato publikace vznikla jako hlavni\u0301 vy\u0301stup projektu <a href=\"https:\/\/www.probud.cz\/acf-identifikace-a-rozvoj-potencialu-deti\/\" target=\"_blank\" rel=\"noopener\">Identifikace a rozvoj potencia\u0301lu znevy\u0301hodne\u030cny\u0301ch z\u030ca\u0301ku\u030a na 1. stupni ZS\u030c 0029\/2021\/ACF\/4<\/a> di\u0301ky financ\u030cni\u0301 podpor\u030ce <a href=\"https:\/\/www.vdv.cz\/\" target=\"_blank\" rel=\"noopener\">Vy\u0301boru dobre\u0301 vu\u030ale \u2013 Nadace Olgy Havlove\u0301<\/a> v ra\u0301mci programu <a href=\"https:\/\/www.activecitizensfund.cz\/\" target=\"_blank\" rel=\"noopener\">Active Citizens Fund<\/a>, jehoz\u030c ci\u0301lem je podpora obc\u030canske\u0301 spolec\u030cnosti a zmocne\u030cni\u0301 znevy\u0301hodne\u030cny\u0301ch skupin. <strong>Program je financova\u0301n z Fondu\u030a EHP a Norska.<\/strong><\/em><em>\u201c<\/em><\/p>\n<p>&nbsp;<\/p>\n<div class=\"wp-block-column is-vertically-aligned-center is-layout-flow wp-block-column-is-layout-flow\">\n<p><a href=\"https:\/\/www.activecitizensfund.cz\"><img loading=\"lazy\" decoding=\"async\" class=\"alignnone size-medium\" src=\"https:\/\/www.probud.cz\/wp-content\/uploads\/2022\/05\/ACF_logolink.png\" alt=\"ACF - S odvahou\" width=\"1947\" height=\"223\" \/><\/a><\/p>\n<p>&nbsp;<\/p>\n<h3 class=\"wp-block-heading\"><span id=\"ZLEPSENI_TRIDNIHO_KLIMATU\">ZLEP\u0160EN\u00cd T\u0158\u00cdDN\u00cdHO KLIMATU<\/span><\/h3>\n<div class=\"wp-block-group is-layout-constrained wp-block-group-is-layout-constrained\">\n<div class=\"wp-block-group__inner-container\">\n<div class=\"wp-block-columns is-layout-flex wp-container-21 wp-block-columns-is-layout-flex\">\n<div class=\"wp-block-column is-layout-flow wp-block-column-is-layout-flow\">\n<p>Za rok pr\u00e1ce s\u00a0t\u0159\u00eddami zapojen\u00fdch pedagog\u016f se\u00a0povedlo\u00a0<strong>zlep\u0161it t\u0159\u00eddn\u00ed klima\u00a0<\/strong>natolik, \u017ee\u00a0m\u016f\u017eeme s\u00a0klidn\u00fdm sv\u011bdom\u00edm konstatovat, \u017ee\u00a0testovan\u00e9 metody se\u00a0v\u00a0praxi osv\u011bd\u010dily.<\/p>\n<p><strong>Mnoz\u00ed \u017e\u00e1ci, kte\u0159\u00ed se\u00a0\u0159ad\u00ed mezi sociokulturn\u011b znev\u00fdhodn\u011bn\u00e9, rozvinuli zdrav\u00e9 sebev\u011bdom\u00ed a\u00a0v\u00edce vn\u00edmaj\u00ed svoji hodnotu.\u00a0<\/strong>T\u011b\u0161\u00ed se\u00a0do\u00a0t\u0159\u00eddy mezi spolu\u017e\u00e1ky, na\u00a0kter\u00fdch dok\u00e1\u017e\u00ed ocenit jejich siln\u00e9 str\u00e1nky a\u00a0kte\u0159\u00ed dok\u00e1\u017e\u00ed ocenit ty jejich. V\u00a0neposledn\u00ed \u0159ad\u011b zvl\u00e1dli p\u0159evz\u00edt velkou \u010d\u00e1st zodpov\u011bdnosti za\u00a0sv\u00e9 chov\u00e1n\u00ed, co\u017e bylo pro pedagogy v\u00edtan\u00e9.\u00a0<strong>Projekt tak m\u011bl velk\u00fd p\u0159\u00ednos pro jednotlivce i\u00a0kolektiv jako celek.<\/strong><\/p>\n<p>U\u010ditel\u00e9 ukazuj\u00ed d\u011btem zp\u016fsoby,\u00a0<strong>jak\u00a0budovat hlubok\u00e9 vztahy a\u00a0rozv\u00edjet sv\u016fj potenci\u00e1l<\/strong>. P\u0159ed\u00e1vaj\u00ed tak d\u011btem zku\u0161enosti, ze\u00a0kter\u00fdch mohou \u010derpat po\u00a0cel\u00fd sv\u016fj \u017eivot. V\u011b\u0159\u00edme, \u017ee\u00a0i\u00a0V\u00e1s v\u00a0tom na\u0161e p\u0159\u00edru\u010dka podpo\u0159\u00ed.<\/p>\n<\/div>\n<\/div>\n<\/div>\n<\/div>\n<\/div>\n<div class=\"wp-block-column is-vertically-aligned-center is-layout-flow wp-block-column-is-layout-flow\"><\/div>\n","protected":false},"excerpt":{"rendered":"<p><a href=\"https:\/\/www.probud.cz\/acf-identifikace-a-rozvoj-potencialu-deti\/\"><img loading=\"lazy\" decoding=\"async\" class=\"alignnone \" src=\"https:\/\/www.probud.cz\/wp-content\/uploads\/2022\/12\/FINAL-LOGO_WEB.svg\" alt=\"Logo_Projekt Budoucnost z.s.\" width=\"301\" height=\"117\" \/><\/a><\/p>\n<p><strong>Jste pedagog \u010di rodi\u010d? \u0158ekn\u011bte si o<\/strong>\u00a0<strong>praktickou p\u0159\u00edru\u010dku zdarma, kter\u00e1 se v\u011bnuje odhalen\u00ed a rozvoji potenci\u00e1lu d\u011bt\u00ed na prvn\u00edm stupni Z\u0160 a pr\u00e1ci na zlep\u0161ov\u00e1n\u00ed t\u0159\u00eddn\u00edho klimatu.<\/strong> Za p\u0159\u00edru\u010dkou stoj\u00ed v\u00edce ne\u017e ro\u010dn\u00ed usilovn\u00e1 pr\u00e1ce pedagog\u016f, psycholog\u016f a v\u00fdzkumn\u00edk\u016f, kte\u0159\u00ed na chv\u00edli zapomn\u011bli, \u017ee n\u011bco nejde. Ve sv\u00e9 praxi testovali trojici metod Tyg\u0159\u00ed sv\u011bt, MBTI a VIA, kter\u00e9 se v pr\u00e1ci s d\u011btsk\u00fdm potenci\u00e1lem a zlep\u0161en\u00edm t\u0159\u00eddn\u00edho klimatu osv\u011bd\u010dily. <strong>M\u016f\u017eete se nechat inspirovat zku\u0161enostmi a praktick\u00fdmi v\u00fdstupy sv\u00fdch koleg\u016f<\/strong>.<br \/>\nD\u00edky podpo\u0159e <a href=\"https:\/\/www.activecitizensfund.cz\/\" target=\"_blank\" rel=\"noopener\">Active Citizens Fund<\/a> je pro v\u00e1s p\u0159\u00edru\u010dka zdarma. V p\u0159\u00edpad\u011b ti\u0161t\u011bn\u00e9 verze hrad\u00edte jen po\u0161tovn\u00e9.<\/p>\n<p>&nbsp;<\/p>\n<h3 class=\"wp-block-heading\"><span id=\"CO_V_PRIRUCCE_NALEZNETE\"><strong>CO V P\u0158\u00cdRU\u010cCE NALEZNETE:<\/strong><\/span><\/h3>\n<ul>\n<li><strong>Z\u00e1kladn\u00ed informace o trojici vyu\u017eit\u00fdch metod<\/strong><\/li>\n<li><strong>Praktick\u00e9 zku\u0161enosti pedagog\u016f<\/strong><\/li>\n<li><strong>Metodick\u00e9 listy k osv\u011bd\u010den\u00fdm aktivit\u00e1m<\/strong><\/li>\n<li><strong>Shrnut\u00ed teoretick\u00fdch informac\u00ed o\u00a0potenci\u00e1lu vych\u00e1zej\u00edc\u00ed z\u00a0\u010desk\u00fdch i\u00a0zahrani\u010dn\u00edch v\u00fdzkum\u016f<\/strong><\/li>\n<\/ul>\n","protected":false},"featured_media":662,"comment_status":"open","ping_status":"closed","template":"","meta":{"_acf_changed":false},"product_brand":[],"product_cat":[15],"product_tag":[],"class_list":{"0":"post-658","1":"product","2":"type-product","3":"status-publish","4":"has-post-thumbnail","6":"product_cat-knihy","8":"first","9":"instock","10":"sold-individually","11":"shipping-taxable","12":"purchasable","13":"product-type-variable","14":"has-default-attributes"},"acf":[],"_links":{"self":[{"href":"https:\/\/tygrisvet.cz\/shop\/wp-json\/wp\/v2\/product\/658","targetHints":{"allow":["GET"]}}],"collection":[{"href":"https:\/\/tygrisvet.cz\/shop\/wp-json\/wp\/v2\/product"}],"about":[{"href":"https:\/\/tygrisvet.cz\/shop\/wp-json\/wp\/v2\/types\/product"}],"replies":[{"embeddable":true,"href":"https:\/\/tygrisvet.cz\/shop\/wp-json\/wp\/v2\/comments?post=658"}],"wp:featuredmedia":[{"embeddable":true,"href":"https:\/\/tygrisvet.cz\/shop\/wp-json\/wp\/v2\/media\/662"}],"wp:attachment":[{"href":"https:\/\/tygrisvet.cz\/shop\/wp-json\/wp\/v2\/media?parent=658"}],"wp:term":[{"taxonomy":"product_brand","embeddable":true,"href":"https:\/\/tygrisvet.cz\/shop\/wp-json\/wp\/v2\/product_brand?post=658"},{"taxonomy":"product_cat","embeddable":true,"href":"https:\/\/tygrisvet.cz\/shop\/wp-json\/wp\/v2\/product_cat?post=658"},{"taxonomy":"product_tag","embeddable":true,"href":"https:\/\/tygrisvet.cz\/shop\/wp-json\/wp\/v2\/product_tag?post=658"}],"curies":[{"name":"wp","href":"https:\/\/api.w.org\/{rel}","templated":true}]}}