{"id":1096,"date":"2023-11-22T16:03:15","date_gmt":"2023-11-22T15:03:15","guid":{"rendered":"https:\/\/tygrisvet.cz\/shop\/?post_type=product&#038;p=1096"},"modified":"2024-05-21T14:26:17","modified_gmt":"2024-05-21T13:26:17","slug":"dvoudenni-skoleni-pro-pedagogy","status":"publish","type":"product","link":"https:\/\/tygrisvet.cz\/shop\/produkt\/dvoudenni-skoleni-pro-pedagogy\/","title":{"rendered":"Dvoudenn\u00ed \u0161kolen\u00ed pro pedagogy a\u00a0pracuj\u00edc\u00ed s\u00a0d\u011btmi"},"content":{"rendered":"<p>Metoda se osv\u011bd\u010dila jako <strong>skv\u011bl\u00e1 mo\u017enost pro zlep\u0161ov\u00e1n\u00ed t\u0159\u00eddn\u00edho klimatu<\/strong>, co\u017e jsme ov\u011b\u0159ili v r\u00e1mci projektu <a href=\"https:\/\/www.probud.cz\/acf-identifikace-a-rozvoj-potencialu-deti\/\" target=\"_blank\" rel=\"noopener\">Identifikace a rozvoj potenci\u00e1lu znev\u00fdhodn\u011bn\u00fdch d\u011bt\u00ed na 1. stupni Z\u0160<\/a>. O projektu i metod\u011b si m\u016f\u017eete poslechnout nap\u0159\u00edklad <a href=\"https:\/\/budejovice.rozhlas.cz\/potrebujete-videt-slyset-citit-nebo-rozumet-rozliseni-ctyr-komunikacnich-typu-9030930\" target=\"_blank\" rel=\"noopener\">v rozhovoru pro \u010cesk\u00fd rozhlas \u010cesk\u00e9 Bud\u011bjovice<\/a>.<\/p>\n<p>Tyg\u0159\u00ed sv\u011bt otev\u00edr\u00e1 vnit\u0159n\u00ed sv\u011bt d\u00edt\u011bte (\u201eTygra\u201c), a jeho pochopen\u00edm pom\u00e1h\u00e1 napl\u0148ovat jeho z\u00e1kladn\u00ed psychick\u00e9 pot\u0159eby. Rozv\u00edj\u00ed <strong>schopnost mluvit o sv\u00fdch pot\u0159eb\u00e1ch, spolupracovat v t\u00fdmu, vz\u00e1jemn\u011b se podporovat a respektovat<\/strong>. Jak tyto schopnosti p\u011bstovat, V\u00e1m pr\u00e1v\u011b tento \u00favodn\u00ed kurz uk\u00e1\u017ee. Probereme spole\u010dn\u011b <strong>psychick\u00e9 pot\u0159eby d\u00edt\u011bte a mo\u017enosti komunikace o nich<\/strong>.<\/p>\n<p><strong>Komunika\u010dn\u00ed typy<\/strong>, kter\u00e9 jsou takt\u00e9\u017e d\u016fle\u017eitou sou\u010d\u00e1st\u00ed Tyg\u0159\u00edho sv\u011bta (a o kter\u00fdch mluv\u00edme i ve v\u00fd\u0161e zm\u00edn\u011bn\u00e9m <a href=\"https:\/\/budejovice.rozhlas.cz\/potrebujete-videt-slyset-citit-nebo-rozumet-rozliseni-ctyr-komunikacnich-typu-9030930\" target=\"_blank\" rel=\"noopener\">rozhovoru<\/a>), jsou obsahem druh\u00e9ho dne \u0161kolen\u00ed.<\/p>\n<h2>\u010casov\u00e1 n\u00e1ro\u010dnost:<\/h2>\n<p><span style=\"font-weight: 400;\">16 vyu\u010dovac\u00edch hodin rozd\u011blen\u00fdch do dvou dn\u016f <\/span><span style=\"font-weight: 400;\">a odd\u011blen\u00fdch p\u0159est\u00e1vkami<\/span><span style=\"font-weight: 400;\"> na zotaven\u00ed.<\/span><\/p>\n<h2>Po\u010det \u00fa\u010dastn\u00edk\u016f:<\/h2>\n<p>Po\u010det \u00fa\u010dastn\u00edk\u016f p\u0159i ve\u0159ejn\u00e9m \u0161kolen\u00ed je max. 17.<\/p>\n<h2>Dal\u0161\u00ed n\u00e1vaznost:<\/h2>\n<p>Po absolvov\u00e1n\u00ed tohoto dvoudenn\u00edho \u0161kolen\u00ed se otev\u00edr\u00e1 mo\u017enost vstoupit do <strong><a href=\"https:\/\/tygrisvet.cz\/shop\/produkt\/celorocni-program-pro-pedagogy\/\" target=\"_blank\" rel=\"noopener\">ro\u010dn\u00edho podp\u016frn\u00e9ho programu<\/a><\/strong>, kter\u00fd V\u00e1s cestou zlep\u0161ov\u00e1n\u00ed t\u0159\u00eddn\u00edho klimatu detailn\u011b provede. Z\u00edsk\u00e1te ro\u010dn\u00ed podporu lektor\u016f a psycholo\u017eky, a nav\u00edc mo\u017enost nav\u00e1zat dlouhodob\u00e9 vztahy s podobn\u011b sm\u00fd\u0161lej\u00edc\u00edmi kolegy.<\/p>\n<h2>Zv\u00fdhodn\u011bn\u00e1 cena:<\/h2>\n<p>P\u0159i objedn\u00e1n\u00ed dvou a v\u00edce pedagog\u016f z jedn\u00e9 \u0161koly je mo\u017en\u00e9 v ko\u0161\u00edku uplatnit <strong>slevov\u00fd k\u00f3d U666ZTZ8<\/strong>, kter\u00fd V\u00e1m zajist\u00ed slevu 5% z kurzovn\u00e9ho.<\/p>\n<p>&nbsp;<\/p>\n","protected":false},"excerpt":{"rendered":"<p><strong>Kurz je zam\u011b\u0159en na zlep\u0161ov\u00e1n\u00ed t\u0159\u00eddn\u00edho klimatu<\/strong> na z\u00e1klad\u011b praktick\u00e9ho fungov\u00e1n\u00ed metody Tyg\u0159\u00ed sv\u011bt ve \u0161koln\u00edm prost\u0159ed\u00ed.<\/p>\n<p>D\u00edky absolvov\u00e1n\u00ed kurzu budete v\u011bd\u011bt, jak s Tyg\u0159\u00edm sv\u011btem za\u010d\u00edt pracovat ve Va\u0161\u00ed t\u0159\u00edd\u011b, a jak postupn\u00fdmi kroky klima ve sv\u00e9 t\u0159\u00edd\u011b zlep\u0161ovat. Sou\u010d\u00e1st\u00ed \u0161kolen\u00ed jsou inspirativn\u00ed aktivity Va\u0161ich koleg\u016f, kter\u00e9 sami otestovali v praxi.<\/p>\n<ul>\n<li><strong>Prvn\u00ed den<\/strong>\n<ul>\n<li>pot\u0159eby d\u00edt\u011bte,<\/li>\n<li>komunikace a emoce,<\/li>\n<li>spole\u010dn\u00e1 tvorba pravidel a p\u0159irozen\u00e1 autorita,<\/li>\n<li>jak p\u0159edch\u00e1zet soci\u00e1ln\u011b-patologick\u00fdm jev\u016fm.<\/li>\n<\/ul>\n<\/li>\n<\/ul>\n<p>&nbsp;<\/p>\n<ul>\n<li><strong>Druh\u00fd den<\/strong>\n<ul>\n<li>komunika\u010dn\u00ed typy,<\/li>\n<li>vyu\u017eit\u00ed komunika\u010dn\u00edch typ\u016f ve t\u0159\u00eddn\u00edm kolektivu,<\/li>\n<li>aktivity k pochopen\u00ed komunika\u010dn\u00edch typ\u016f,<\/li>\n<li>jak vyhov\u011bt individu\u00e1ln\u00edm pot\u0159eb\u00e1m a z\u00e1rove\u0148 budovat vz\u00e1jemn\u00fd respekt.<\/li>\n<\/ul>\n<\/li>\n<\/ul>\n<h2>Lektor:<\/h2>\n<p>V\u00e1clav Fl\u00ed\u010dek a Zden\u011bk Sklen\u00e1\u0159<\/p>\n<h2>Term\u00edny a m\u00edsta \u0161kolen\u00ed:<\/h2>\n<ul>\n<li><strong>dle domluvy p\u0159\u00edmo p\u0159\u00edmo ve Va\u0161\u00ed organizace<\/strong><\/li>\n<\/ul>\n<p>nebo<\/p>\n<ul>\n<li><strong>Plze\u0148 24.\u201425.dubna 2024\u00a0<\/strong>(Farsk\u00e9ho 14, 326 00 Plze\u0148)<br \/>\nOba dny prob\u00edh\u00e1 \u0161kolen\u00ed v \u010dase 9:00 &#8211; 16:00 hod.<\/li>\n<\/ul>\n<p><a href=\"https:\/\/tygrisvet.cz\/kontakt\/\">M\u00e1te z\u00e1jem se o programu dozv\u011bd\u011bt v\u00edce? Napi\u0161te n\u00e1m klinknut\u00edm na tento odkaz a my se s V\u00e1mi spoj\u00edme.<\/a><\/p>\n<h2>Certifik\u00e1t o absolvov\u00e1n\u00ed<\/h2>\n<p>Po absolvov\u00e1n\u00ed \u0161kolen\u00ed z\u00edsk\u00e1te certifik\u00e1t.<\/p>\n<h2>Program je mo\u017en\u00e9 financovat jako DVPP nap\u0159\u00edklad z t\u011bchto projekt\u016f:<\/h2>\n<ul>\n<li><a href=\"https:\/\/opjak.cz\" target=\"_blank\" rel=\"noopener\">Opera\u010dn\u00ed program Jan Amos Komensk\u00fd<\/a><\/li>\n<li><a href=\"https:\/\/www.edu.cz\/npo\/projekt-podpora-rovnych-prilezitosti\/\" target=\"_blank\" rel=\"noopener\">Projekt: Podpora rovn\u00fdch p\u0159\u00edle\u017eitosti<\/a><\/li>\n<\/ul>\n","protected":false},"featured_media":1155,"comment_status":"closed","ping_status":"closed","template":"","meta":{"_acf_changed":false},"product_brand":[],"product_cat":[17],"product_tag":[],"class_list":{"0":"post-1096","1":"product","2":"type-product","3":"status-publish","4":"has-post-thumbnail","6":"product_cat-ziva-skoleni","8":"first","9":"instock","10":"featured","11":"shipping-taxable","12":"purchasable","13":"product-type-variable","14":"has-default-attributes"},"acf":[],"_links":{"self":[{"href":"https:\/\/tygrisvet.cz\/shop\/wp-json\/wp\/v2\/product\/1096","targetHints":{"allow":["GET"]}}],"collection":[{"href":"https:\/\/tygrisvet.cz\/shop\/wp-json\/wp\/v2\/product"}],"about":[{"href":"https:\/\/tygrisvet.cz\/shop\/wp-json\/wp\/v2\/types\/product"}],"replies":[{"embeddable":true,"href":"https:\/\/tygrisvet.cz\/shop\/wp-json\/wp\/v2\/comments?post=1096"}],"wp:featuredmedia":[{"embeddable":true,"href":"https:\/\/tygrisvet.cz\/shop\/wp-json\/wp\/v2\/media\/1155"}],"wp:attachment":[{"href":"https:\/\/tygrisvet.cz\/shop\/wp-json\/wp\/v2\/media?parent=1096"}],"wp:term":[{"taxonomy":"product_brand","embeddable":true,"href":"https:\/\/tygrisvet.cz\/shop\/wp-json\/wp\/v2\/product_brand?post=1096"},{"taxonomy":"product_cat","embeddable":true,"href":"https:\/\/tygrisvet.cz\/shop\/wp-json\/wp\/v2\/product_cat?post=1096"},{"taxonomy":"product_tag","embeddable":true,"href":"https:\/\/tygrisvet.cz\/shop\/wp-json\/wp\/v2\/product_tag?post=1096"}],"curies":[{"name":"wp","href":"https:\/\/api.w.org\/{rel}","templated":true}]}}